{"id":5574,"date":"2016-12-03T15:44:41","date_gmt":"2016-12-03T15:44:41","guid":{"rendered":"https:\/\/www.alerodriguezdrums.com\/index.php\/services\/"},"modified":"2025-10-30T16:21:31","modified_gmt":"2025-10-30T16:21:31","slug":"services","status":"publish","type":"page","link":"https:\/\/www.alerodriguezdrums.com\/index.php\/services\/","title":{"rendered":"Estudio"},"content":{"rendered":"\t\t<div data-elementor-type=\"wp-page\" data-elementor-id=\"5574\" class=\"elementor elementor-5574\">\n\t\t\t\t\t\t<section class=\"elementor-section elementor-top-section elementor-element elementor-element-6fcfa38 elementor-section-boxed elementor-section-height-default elementor-section-height-default\" data-id=\"6fcfa38\" data-element_type=\"section\" data-settings=\"{&quot;background_background&quot;:&quot;classic&quot;}\">\n\t\t\t\t\t\t<div class=\"elementor-container elementor-column-gap-default\">\n\t\t\t\t\t<div class=\"elementor-column elementor-col-100 elementor-top-column elementor-element elementor-element-1e198106\" data-id=\"1e198106\" data-element_type=\"column\">\n\t\t\t<div class=\"elementor-widget-wrap elementor-element-populated\">\n\t\t\t\t\t\t<div class=\"elementor-element elementor-element-2de50e6a elementor-widget elementor-widget-heading\" data-id=\"2de50e6a\" data-element_type=\"widget\" data-widget_type=\"heading.default\">\n\t\t\t\t<div class=\"elementor-widget-container\">\n\t\t\t\t\t<h2 class=\"elementor-heading-title elementor-size-default\"><font color=\"#000000\" face=\"Onest, sans-serif\"><span style=\"font-size: 34.6667px; text-transform: none; white-space-collapse: collapse;\">PRODUCCI\u00d3N MUSICAL<\/span><\/font><\/h2>\t\t\t\t<\/div>\n\t\t\t\t<\/div>\n\t\t\t\t\t<\/div>\n\t\t<\/div>\n\t\t\t\t\t<\/div>\n\t\t<\/section>\n\t\t\t\t<section class=\"elementor-section elementor-top-section elementor-element elementor-element-3cd7e9a9 elementor-section-boxed elementor-section-height-default elementor-section-height-default\" data-id=\"3cd7e9a9\" data-element_type=\"section\">\n\t\t\t\t\t\t<div class=\"elementor-container elementor-column-gap-default\">\n\t\t\t\t\t<div class=\"elementor-column elementor-col-33 elementor-top-column elementor-element elementor-element-60c9d70\" data-id=\"60c9d70\" data-element_type=\"column\" data-settings=\"{&quot;background_background&quot;:&quot;classic&quot;}\">\n\t\t\t<div class=\"elementor-widget-wrap elementor-element-populated\">\n\t\t\t\t\t<div class=\"elementor-background-overlay\"><\/div>\n\t\t\t\t\t\t<div class=\"elementor-element elementor-element-65d0ed4a elementor-widget elementor-widget-heading\" data-id=\"65d0ed4a\" data-element_type=\"widget\" data-widget_type=\"heading.default\">\n\t\t\t\t<div class=\"elementor-widget-container\">\n\t\t\t\t\t<h2 class=\"elementor-heading-title elementor-size-default\">Grabaci\u00f3n Profesional<\/h2>\t\t\t\t<\/div>\n\t\t\t\t<\/div>\n\t\t\t\t<div class=\"elementor-element elementor-element-66de7464 elementor-widget elementor-widget-text-editor\" data-id=\"66de7464\" data-element_type=\"widget\" data-widget_type=\"text-editor.default\">\n\t\t\t\t<div class=\"elementor-widget-container\">\n\t\t\t\t\t\t\t\t\t<p>Contamos con un espacio acondicionado y microfon\u00eda profesional para grabar <strong data-start=\"362\" data-end=\"396\">bater\u00eda ac\u00fastica y percusiones<\/strong> con un sonido potente, natural y listo para mezclar.\u00a0Ideal para productores, bandas y artistas que quieren bater\u00edas reales, no loops prefabricados.<\/p>\t\t\t\t\t\t\t\t<\/div>\n\t\t\t\t<\/div>\n\t\t\t\t\t<\/div>\n\t\t<\/div>\n\t\t\t\t<div class=\"elementor-column elementor-col-33 elementor-top-column elementor-element elementor-element-153d5b79\" data-id=\"153d5b79\" data-element_type=\"column\" data-settings=\"{&quot;background_background&quot;:&quot;classic&quot;}\">\n\t\t\t<div class=\"elementor-widget-wrap elementor-element-populated\">\n\t\t\t\t\t<div class=\"elementor-background-overlay\"><\/div>\n\t\t\t\t\t\t<div class=\"elementor-element elementor-element-18bc39e7 elementor-widget elementor-widget-heading\" data-id=\"18bc39e7\" data-element_type=\"widget\" data-widget_type=\"heading.default\">\n\t\t\t\t<div class=\"elementor-widget-container\">\n\t\t\t\t\t<h2 class=\"elementor-heading-title elementor-size-default\">Edici\u00f3n y Mezcla<\/h2>\t\t\t\t<\/div>\n\t\t\t\t<\/div>\n\t\t\t\t<div class=\"elementor-element elementor-element-396f5b89 elementor-widget elementor-widget-text-editor\" data-id=\"396f5b89\" data-element_type=\"widget\" data-widget_type=\"text-editor.default\">\n\t\t\t\t<div class=\"elementor-widget-container\">\n\t\t\t\t\t\t\t\t\t<p>Editamos y mezclamos tus pistas con <strong data-start=\"36\" data-end=\"49\">precisi\u00f3n<\/strong>, respetando el <strong data-start=\"65\" data-end=\"75\">groove<\/strong> y el <strong data-start=\"81\" data-end=\"92\">feeling<\/strong> de cada composici\u00f3n, logrando un <strong data-start=\"126\" data-end=\"176\">sonido profesional, equilibrado y con car\u00e1cter propio<\/strong>.\u00a0<\/p>\t\t\t\t\t\t\t\t<\/div>\n\t\t\t\t<\/div>\n\t\t\t\t\t<\/div>\n\t\t<\/div>\n\t\t\t\t<div class=\"elementor-column elementor-col-33 elementor-top-column elementor-element elementor-element-502cf97e\" data-id=\"502cf97e\" data-element_type=\"column\" data-settings=\"{&quot;background_background&quot;:&quot;classic&quot;}\">\n\t\t\t<div class=\"elementor-widget-wrap elementor-element-populated\">\n\t\t\t\t\t<div class=\"elementor-background-overlay\"><\/div>\n\t\t\t\t\t\t<div class=\"elementor-element elementor-element-4816ded3 elementor-widget elementor-widget-heading\" data-id=\"4816ded3\" data-element_type=\"widget\" data-widget_type=\"heading.default\">\n\t\t\t\t<div class=\"elementor-widget-container\">\n\t\t\t\t\t<h2 class=\"elementor-heading-title elementor-size-default\">Grabaci\u00f3n Online<\/h2>\t\t\t\t<\/div>\n\t\t\t\t<\/div>\n\t\t\t\t<div class=\"elementor-element elementor-element-3891350d elementor-widget elementor-widget-text-editor\" data-id=\"3891350d\" data-element_type=\"widget\" data-widget_type=\"text-editor.default\">\n\t\t\t\t<div class=\"elementor-widget-container\">\n\t\t\t\t\t\t\t\t\t<p>Si no puedes venir al estudio, ofrecemos <b>grabaci\u00f3n de bater\u00edas<\/b> y<b> percusiones personalizadas<\/b> a distancia.<\/p>\t\t\t\t\t\t\t\t<\/div>\n\t\t\t\t<\/div>\n\t\t\t\t\t<\/div>\n\t\t<\/div>\n\t\t\t\t\t<\/div>\n\t\t<\/section>\n\t\t<div class=\"elementor-element elementor-element-bdb0a24 e-flex e-con-boxed e-con e-parent\" data-id=\"bdb0a24\" data-element_type=\"container\">\n\t\t\t\t\t<div class=\"e-con-inner\">\n\t\t\t\t<div class=\"elementor-element elementor-element-828c60f elementor-widget elementor-widget-text-editor\" data-id=\"828c60f\" data-element_type=\"widget\" data-widget_type=\"text-editor.default\">\n\t\t\t\t<div class=\"elementor-widget-container\">\n\t\t\t\t\t\t\t\t\t<p><b>Cada proyecto recibe la <\/b><span style=\"font-weight: bold;\" data-start=\"60\" data-end=\"101\">atenci\u00f3n y profesionalidad necesarias<\/span><b> para garantizar una producci\u00f3n musical de alto nivel cuidando cada detalle, desde el sonido necesario hasta la mezcla final.<\/b><\/p><p>\u00a0<\/p>\t\t\t\t\t\t\t\t<\/div>\n\t\t\t\t<\/div>\n\t\t\t\t\t<\/div>\n\t\t\t\t<\/div>\n\t\t<div class=\"elementor-element elementor-element-c7ed7ff e-flex e-con-boxed e-con e-parent\" data-id=\"c7ed7ff\" data-element_type=\"container\">\n\t\t\t\t\t<div class=\"e-con-inner\">\n\t\t\t\t<div class=\"elementor-element elementor-element-45fd29b elementor-widget elementor-widget-text-editor\" data-id=\"45fd29b\" data-element_type=\"widget\" data-widget_type=\"text-editor.default\">\n\t\t\t\t<div class=\"elementor-widget-container\">\n\t\t\t\t\t\t\t\t\t<p class=\"MsoNormal\"><span style=\"font-weight: bold; color: #000000; font-family: Onest, sans-serif; font-size: 30px;\"><span style=\"font-size: 26pt; line-height: 39.8667px;\">DISCOGRAF\u00cdA<\/span><\/span><\/p>\n<div dir=\"ltr\" style=\"color: #222222; font-family: Arial, Helvetica, sans-serif; font-size: small;\">\n<div dir=\"ltr\" style=\"color: #222222; font-family: Arial, Helvetica, sans-serif; font-size: small;\">\n<p class=\"MsoNormal\"><b><span style=\"font-size: 18.0pt; line-height: 115%;\">&#8211; Anto\u00f1ito Molina<\/span><\/b><span style=\"font-size: 18.0pt; line-height: 115%;\">&nbsp;(Me prometo)<b>&nbsp;<\/b><\/span><\/p>\n<p class=\"MsoNormal\"><b><span style=\"font-size: 18.0pt; line-height: 115%;\">&#8211; Maita&nbsp;<\/span><\/b><b><span style=\"font-size: 18.0pt; line-height: 115%;\">vende C\u00e1<\/span><\/b><span style=\"font-size: 18pt; line-height: 115%;\"> (Agua Viva)<\/span><\/p>\n<p class=\"MsoNormal\"><b><span style=\"font-size: 18.0pt; line-height: 115%;\">&#8211; Lya<\/span><\/b><span style=\"font-size: 18.0pt; line-height: 115%;\"> (As\u00ed lo siento)<\/span><\/p>\n<p class=\"MsoNormal\"><b><span style=\"font-size: 18.0pt; line-height: 115%;\">&#8211; La Trueke<\/span><\/b><span style=\"font-size: 18.0pt; line-height: 115%;\"> (De ra\u00edz a la identidad)<\/span><\/p>\n<p class=\"MsoNormal\"><b><span style=\"font-size: 18.0pt; line-height: 115%;\">&#8211; Angela Dionisio<\/span><\/b><span style=\"font-size: 18.0pt; line-height: 115%;\"> (Dejo Atr\u00e1s)<\/span><\/p>\n<p class=\"MsoNormal\"><b><span style=\"font-size: 18.0pt; line-height: 115%;\">&#8211; Adel Ramos<\/span><\/b><span style=\"font-size: 18.0pt; line-height: 115%;\"> (Como un ni\u00f1o)<\/span><\/p>\n<p class=\"MsoNormal\"><b><span style=\"font-size: 18.0pt; line-height: 115%;\">&#8211; Flamenquito Atuberado&nbsp;<\/span><\/b><span style=\"font-size: 18.0pt; line-height: 115%;\">(El amor es una barca)<\/span><\/p>\n<p class=\"MsoNormal\"><b><span style=\"font-size: 18.0pt; line-height: 115%;\">&#8211; Rafa Vega<\/span><\/b><span style=\"font-size: 18.0pt; line-height: 115%;\"> (Qu\u00edtame la vida)<\/span><\/p>\n<p class=\"MsoNormal\"><b><span style=\"font-size: 18.0pt; line-height: 115%;\">&#8211;&nbsp;Los Ca\u00f1os<\/span><\/b><span style=\"font-size: 18.0pt; line-height: 115%;\"> (Ni\u00f1a)&nbsp;<\/span><\/p>\n<p class=\"MsoNormal\"><b><span style=\"font-size: 18.0pt; line-height: 115%;\">&#8211; Manu Mill\u00e1n<\/span><\/b><span style=\"font-size: 18.0pt; line-height: 115%;\"> (2024)&nbsp;<\/span><\/p>\n<p class=\"MsoNormal\"><b><span style=\"font-size: 18.0pt; line-height: 115%;\">&#8211; Carlinga<\/span><\/b><span style=\"font-size: 18.0pt; line-height: 115%;\"> (Me agarro a un clavo ardiendo)&nbsp;<\/span><\/p>\n<p class=\"MsoNormal\"><b><span style=\"font-size: 18.0pt; line-height: 115%;\">&#8211; Fede y la banda Florido<\/span><\/b><span style=\"font-size: 18.0pt; line-height: 115%;\"> (El rinc\u00f3n)&nbsp;<\/span><\/p>\n<p class=\"MsoNormal\"><b><span style=\"font-size: 18.0pt; line-height: 115%;\">&#8211; Jos\u00e9 de Lola<\/span><\/b><span style=\"font-size: 18.0pt; line-height: 115%;\"> (Eres)&nbsp;<\/span><\/p>\n<p class=\"MsoNormal\"><b><span style=\"font-size: 18.0pt; line-height: 115%;\">&#8211; Manuel de Manuel<\/span><\/b><span style=\"font-size: 18.0pt; line-height: 115%;\"> (Que hago yo)&nbsp;<\/span><\/p>\n<\/div>\n<div dir=\"ltr\">&nbsp;<\/div>\n<\/div>\t\t\t\t\t\t\t\t<\/div>\n\t\t\t\t<\/div>\n\t\t\t\t\t<\/div>\n\t\t\t\t<\/div>\n\t\t\t\t<section class=\"elementor-section elementor-top-section elementor-element elementor-element-2fd5cc9d elementor-section-full_width elementor-section-height-default elementor-section-height-default\" data-id=\"2fd5cc9d\" data-element_type=\"section\" data-settings=\"{&quot;background_background&quot;:&quot;classic&quot;}\">\n\t\t\t\t\t\t\t<div class=\"elementor-background-overlay\"><\/div>\n\t\t\t\t\t\t\t<div class=\"elementor-container elementor-column-gap-no\">\n\t\t\t\t\t<div class=\"elementor-column elementor-col-100 elementor-top-column elementor-element elementor-element-58cda840\" data-id=\"58cda840\" data-element_type=\"column\">\n\t\t\t<div class=\"elementor-widget-wrap elementor-element-populated\">\n\t\t\t\t\t\t<section class=\"elementor-section elementor-inner-section elementor-element elementor-element-7933b9b1 elementor-section-boxed elementor-section-height-default elementor-section-height-default\" data-id=\"7933b9b1\" data-element_type=\"section\">\n\t\t\t\t\t\t<div class=\"elementor-container elementor-column-gap-default\">\n\t\t\t\t\t<div class=\"elementor-column elementor-col-33 elementor-inner-column elementor-element elementor-element-6582f4bd\" data-id=\"6582f4bd\" data-element_type=\"column\">\n\t\t\t<div class=\"elementor-widget-wrap elementor-element-populated\">\n\t\t\t\t\t\t<div class=\"elementor-element elementor-element-d34e6d5 elementor-view-default elementor-position-top elementor-mobile-position-top elementor-widget elementor-widget-icon-box\" data-id=\"d34e6d5\" data-element_type=\"widget\" data-widget_type=\"icon-box.default\">\n\t\t\t\t<div class=\"elementor-widget-container\">\n\t\t\t\t\t\t\t<div class=\"elementor-icon-box-wrapper\">\n\n\t\t\t\t\t\t<div class=\"elementor-icon-box-icon\">\n\t\t\t\t<span  class=\"elementor-icon\">\n\t\t\t\t<svg aria-hidden=\"true\" class=\"e-font-icon-svg e-fas-star\" viewBox=\"0 0 576 512\" xmlns=\"http:\/\/www.w3.org\/2000\/svg\"><path d=\"M259.3 17.8L194 150.2 47.9 171.5c-26.2 3.8-36.7 36.1-17.7 54.6l105.7 103-25 145.5c-4.5 26.3 23.2 46 46.4 33.7L288 439.6l130.7 68.7c23.2 12.2 50.9-7.4 46.4-33.7l-25-145.5 105.7-103c19-18.5 8.5-50.8-17.7-54.6L382 150.2 316.7 17.8c-11.7-23.6-45.6-23.9-57.4 0z\"><\/path><\/svg>\t\t\t\t<\/span>\n\t\t\t<\/div>\n\t\t\t\n\t\t\t\t\t\t<div class=\"elementor-icon-box-content\">\n\n\t\t\t\t\t\t\t\t\t<h3 class=\"elementor-icon-box-title\">\n\t\t\t\t\t\t<span  >\n\t\t\t\t\t\t\tEquipamiento de Alta Gama\t\t\t\t\t\t<\/span>\n\t\t\t\t\t<\/h3>\n\t\t\t\t\n\t\t\t\t\t\t\t\t\t<p class=\"elementor-icon-box-description\">\n\t\t\t\t\t\tCada grabaci\u00f3n parte de un setup cuidado, con sonido potente, equilibrado y listo para competir con cualquier producci\u00f3n top.\t\t\t\t\t<\/p>\n\t\t\t\t\n\t\t\t<\/div>\n\t\t\t\n\t\t<\/div>\n\t\t\t\t\t\t<\/div>\n\t\t\t\t<\/div>\n\t\t\t\t\t<\/div>\n\t\t<\/div>\n\t\t\t\t<div class=\"elementor-column elementor-col-33 elementor-inner-column elementor-element elementor-element-29cc3e14\" data-id=\"29cc3e14\" data-element_type=\"column\">\n\t\t\t<div class=\"elementor-widget-wrap elementor-element-populated\">\n\t\t\t\t\t\t<div class=\"elementor-element elementor-element-64da08db elementor-view-default elementor-position-top elementor-mobile-position-top elementor-widget elementor-widget-icon-box\" data-id=\"64da08db\" data-element_type=\"widget\" data-widget_type=\"icon-box.default\">\n\t\t\t\t<div class=\"elementor-widget-container\">\n\t\t\t\t\t\t\t<div class=\"elementor-icon-box-wrapper\">\n\n\t\t\t\t\t\t<div class=\"elementor-icon-box-icon\">\n\t\t\t\t<span  class=\"elementor-icon\">\n\t\t\t\t<svg aria-hidden=\"true\" class=\"e-font-icon-svg e-fas-music\" viewBox=\"0 0 512 512\" xmlns=\"http:\/\/www.w3.org\/2000\/svg\"><path d=\"M470.38 1.51L150.41 96A32 32 0 0 0 128 126.51v261.41A139 139 0 0 0 96 384c-53 0-96 28.66-96 64s43 64 96 64 96-28.66 96-64V214.32l256-75v184.61a138.4 138.4 0 0 0-32-3.93c-53 0-96 28.66-96 64s43 64 96 64 96-28.65 96-64V32a32 32 0 0 0-41.62-30.49z\"><\/path><\/svg>\t\t\t\t<\/span>\n\t\t\t<\/div>\n\t\t\t\n\t\t\t\t\t\t<div class=\"elementor-icon-box-content\">\n\n\t\t\t\t\t\t\t\t\t<h3 class=\"elementor-icon-box-title\">\n\t\t\t\t\t\t<span  >\n\t\t\t\t\t\t\t20 A\u00f1os Experiencia\t\t\t\t\t\t<\/span>\n\t\t\t\t\t<\/h3>\n\t\t\t\t\n\t\t\t\t\t\t\t\t\t<p class=\"elementor-icon-box-description\">\n\t\t\t\t\t\tEl alma del estudio es un baterista con trayectoria real en escenarios y sesiones, capaz de entender el lenguaje del m\u00fasico y adaptarse a cualquier estilo\t\t\t\t\t<\/p>\n\t\t\t\t\n\t\t\t<\/div>\n\t\t\t\n\t\t<\/div>\n\t\t\t\t\t\t<\/div>\n\t\t\t\t<\/div>\n\t\t\t\t\t<\/div>\n\t\t<\/div>\n\t\t\t\t<div class=\"elementor-column elementor-col-33 elementor-inner-column elementor-element elementor-element-78d68231\" data-id=\"78d68231\" data-element_type=\"column\">\n\t\t\t<div class=\"elementor-widget-wrap elementor-element-populated\">\n\t\t\t\t\t\t<div class=\"elementor-element elementor-element-1360e657 elementor-view-default elementor-position-top elementor-mobile-position-top elementor-widget elementor-widget-icon-box\" data-id=\"1360e657\" data-element_type=\"widget\" data-widget_type=\"icon-box.default\">\n\t\t\t\t<div class=\"elementor-widget-container\">\n\t\t\t\t\t\t\t<div class=\"elementor-icon-box-wrapper\">\n\n\t\t\t\t\t\t<div class=\"elementor-icon-box-icon\">\n\t\t\t\t<span  class=\"elementor-icon\">\n\t\t\t\t<svg aria-hidden=\"true\" class=\"e-font-icon-svg e-fab-soundcloud\" viewBox=\"0 0 640 512\" xmlns=\"http:\/\/www.w3.org\/2000\/svg\"><path d=\"M111.4 256.3l5.8 65-5.8 68.3c-.3 2.5-2.2 4.4-4.4 4.4s-4.2-1.9-4.2-4.4l-5.6-68.3 5.6-65c0-2.2 1.9-4.2 4.2-4.2 2.2 0 4.1 2 4.4 4.2zm21.4-45.6c-2.8 0-4.7 2.2-5 5l-5 105.6 5 68.3c.3 2.8 2.2 5 5 5 2.5 0 4.7-2.2 4.7-5l5.8-68.3-5.8-105.6c0-2.8-2.2-5-4.7-5zm25.5-24.1c-3.1 0-5.3 2.2-5.6 5.3l-4.4 130 4.4 67.8c.3 3.1 2.5 5.3 5.6 5.3 2.8 0 5.3-2.2 5.3-5.3l5.3-67.8-5.3-130c0-3.1-2.5-5.3-5.3-5.3zM7.2 283.2c-1.4 0-2.2 1.1-2.5 2.5L0 321.3l4.7 35c.3 1.4 1.1 2.5 2.5 2.5s2.2-1.1 2.5-2.5l5.6-35-5.6-35.6c-.3-1.4-1.1-2.5-2.5-2.5zm23.6-21.9c-1.4 0-2.5 1.1-2.5 2.5l-6.4 57.5 6.4 56.1c0 1.7 1.1 2.8 2.5 2.8s2.5-1.1 2.8-2.5l7.2-56.4-7.2-57.5c-.3-1.4-1.4-2.5-2.8-2.5zm25.3-11.4c-1.7 0-3.1 1.4-3.3 3.3L47 321.3l5.8 65.8c.3 1.7 1.7 3.1 3.3 3.1 1.7 0 3.1-1.4 3.1-3.1l6.9-65.8-6.9-68.1c0-1.9-1.4-3.3-3.1-3.3zm25.3-2.2c-1.9 0-3.6 1.4-3.6 3.6l-5.8 70 5.8 67.8c0 2.2 1.7 3.6 3.6 3.6s3.6-1.4 3.9-3.6l6.4-67.8-6.4-70c-.3-2.2-2-3.6-3.9-3.6zm241.4-110.9c-1.1-.8-2.8-1.4-4.2-1.4-2.2 0-4.2.8-5.6 1.9-1.9 1.7-3.1 4.2-3.3 6.7v.8l-3.3 176.7 1.7 32.5 1.7 31.7c.3 4.7 4.2 8.6 8.9 8.6s8.6-3.9 8.6-8.6l3.9-64.2-3.9-177.5c-.4-3-2-5.8-4.5-7.2zm-26.7 15.3c-1.4-.8-2.8-1.4-4.4-1.4s-3.1.6-4.4 1.4c-2.2 1.4-3.6 3.9-3.6 6.7l-.3 1.7-2.8 160.8s0 .3 3.1 65.6v.3c0 1.7.6 3.3 1.7 4.7 1.7 1.9 3.9 3.1 6.4 3.1 2.2 0 4.2-1.1 5.6-2.5 1.7-1.4 2.5-3.3 2.5-5.6l.3-6.7 3.1-58.6-3.3-162.8c-.3-2.8-1.7-5.3-3.9-6.7zm-111.4 22.5c-3.1 0-5.8 2.8-5.8 6.1l-4.4 140.6 4.4 67.2c.3 3.3 2.8 5.8 5.8 5.8 3.3 0 5.8-2.5 6.1-5.8l5-67.2-5-140.6c-.2-3.3-2.7-6.1-6.1-6.1zm376.7 62.8c-10.8 0-21.1 2.2-30.6 6.1-6.4-70.8-65.8-126.4-138.3-126.4-17.8 0-35 3.3-50.3 9.4-6.1 2.2-7.8 4.4-7.8 9.2v249.7c0 5 3.9 8.6 8.6 9.2h218.3c43.3 0 78.6-35 78.6-78.3.1-43.6-35.2-78.9-78.5-78.9zm-296.7-60.3c-4.2 0-7.5 3.3-7.8 7.8l-3.3 136.7 3.3 65.6c.3 4.2 3.6 7.5 7.8 7.5 4.2 0 7.5-3.3 7.5-7.5l3.9-65.6-3.9-136.7c-.3-4.5-3.3-7.8-7.5-7.8zm-53.6-7.8c-3.3 0-6.4 3.1-6.4 6.7l-3.9 145.3 3.9 66.9c.3 3.6 3.1 6.4 6.4 6.4 3.6 0 6.4-2.8 6.7-6.4l4.4-66.9-4.4-145.3c-.3-3.6-3.1-6.7-6.7-6.7zm26.7 3.4c-3.9 0-6.9 3.1-6.9 6.9L227 321.3l3.9 66.4c.3 3.9 3.1 6.9 6.9 6.9s6.9-3.1 6.9-6.9l4.2-66.4-4.2-141.7c0-3.9-3-6.9-6.9-6.9z\"><\/path><\/svg>\t\t\t\t<\/span>\n\t\t\t<\/div>\n\t\t\t\n\t\t\t\t\t\t<div class=\"elementor-icon-box-content\">\n\n\t\t\t\t\t\t\t\t\t<h3 class=\"elementor-icon-box-title\">\n\t\t\t\t\t\t<span  >\n\t\t\t\t\t\t\tSonido Ac\u00fastico &amp; Electr\u00f3nico\t\t\t\t\t\t<\/span>\n\t\t\t\t\t<\/h3>\n\t\t\t\t\n\t\t\t\t\t\t\t\t\t<p class=\"elementor-icon-box-description\">\n\t\t\t\t\t\tPodemos integrar sonidos electr\u00f3nicos, triggers, samples y efectos con bater\u00edas reales, creando una mezcla moderna y poderosa que encaja en producciones actuales.\t\t\t\t\t<\/p>\n\t\t\t\t\n\t\t\t<\/div>\n\t\t\t\n\t\t<\/div>\n\t\t\t\t\t\t<\/div>\n\t\t\t\t<\/div>\n\t\t\t\t\t<\/div>\n\t\t<\/div>\n\t\t\t\t\t<\/div>\n\t\t<\/section>\n\t\t\t\t\t<\/div>\n\t\t<\/div>\n\t\t\t\t\t<\/div>\n\t\t<\/section>\n\t\t\t\t<\/div>\n\t\t","protected":false},"excerpt":{"rendered":"<p>PRODUCCI\u00d3N MUSICAL Grabaci\u00f3n Profesional Contamos con un espacio acondicionado y microfon\u00eda profesional para grabar bater\u00eda ac\u00fastica y percusiones con un sonido potente, natural y listo para mezclar.\u00a0Ideal para productores, bandas y artistas que quieren bater\u00edas reales, no loops prefabricados. Edici\u00f3n y Mezcla Editamos y mezclamos tus pistas con precisi\u00f3n, respetando el groove y el feeling de cada composici\u00f3n, logrando un sonido profesional, equilibrado y con car\u00e1cter propio.\u00a0 Grabaci\u00f3n Online Si no puedes venir al estudio, [&hellip;]<\/p>\n","protected":false},"author":1,"featured_media":6286,"parent":0,"menu_order":0,"comment_status":"closed","ping_status":"closed","template":"page-templates\/full-width-builder-bb.php","meta":{"inspiro_page_layout":"narrow","inspiro_hide_title":false,"footnotes":""},"class_list":["post-5574","page","type-page","status-publish","has-post-thumbnail","hentry"],"_links":{"self":[{"href":"https:\/\/www.alerodriguezdrums.com\/index.php\/wp-json\/wp\/v2\/pages\/5574","targetHints":{"allow":["GET"]}}],"collection":[{"href":"https:\/\/www.alerodriguezdrums.com\/index.php\/wp-json\/wp\/v2\/pages"}],"about":[{"href":"https:\/\/www.alerodriguezdrums.com\/index.php\/wp-json\/wp\/v2\/types\/page"}],"author":[{"embeddable":true,"href":"https:\/\/www.alerodriguezdrums.com\/index.php\/wp-json\/wp\/v2\/users\/1"}],"replies":[{"embeddable":true,"href":"https:\/\/www.alerodriguezdrums.com\/index.php\/wp-json\/wp\/v2\/comments?post=5574"}],"version-history":[{"count":98,"href":"https:\/\/www.alerodriguezdrums.com\/index.php\/wp-json\/wp\/v2\/pages\/5574\/revisions"}],"predecessor-version":[{"id":6491,"href":"https:\/\/www.alerodriguezdrums.com\/index.php\/wp-json\/wp\/v2\/pages\/5574\/revisions\/6491"}],"wp:featuredmedia":[{"embeddable":true,"href":"https:\/\/www.alerodriguezdrums.com\/index.php\/wp-json\/wp\/v2\/media\/6286"}],"wp:attachment":[{"href":"https:\/\/www.alerodriguezdrums.com\/index.php\/wp-json\/wp\/v2\/media?parent=5574"}],"curies":[{"name":"wp","href":"https:\/\/api.w.org\/{rel}","templated":true}]}}