{"id":4491,"date":"2009-09-08T16:33:06","date_gmt":"2009-09-08T16:33:06","guid":{"rendered":"https:\/\/www.alerodriguezdrums.com\/index.php\/about\/"},"modified":"2025-10-30T16:49:48","modified_gmt":"2025-10-30T16:49:48","slug":"about","status":"publish","type":"page","link":"https:\/\/www.alerodriguezdrums.com\/index.php\/about\/","title":{"rendered":"Trayectoria"},"content":{"rendered":"\t\t<div data-elementor-type=\"wp-page\" data-elementor-id=\"4491\" class=\"elementor elementor-4491\">\n\t\t\t\t\t\t<section class=\"elementor-section elementor-top-section elementor-element elementor-element-1681c49e elementor-section-boxed elementor-section-height-default elementor-section-height-default\" data-id=\"1681c49e\" data-element_type=\"section\">\n\t\t\t\t\t\t<div class=\"elementor-container elementor-column-gap-no\">\n\t\t\t\t\t<div class=\"elementor-column elementor-col-100 elementor-top-column elementor-element elementor-element-4a2c8b2e\" data-id=\"4a2c8b2e\" data-element_type=\"column\">\n\t\t\t<div class=\"elementor-widget-wrap elementor-element-populated\">\n\t\t\t\t\t\t<div class=\"elementor-element elementor-element-5491cd29 elementor-widget elementor-widget-heading\" data-id=\"5491cd29\" data-element_type=\"widget\" data-widget_type=\"heading.default\">\n\t\t\t\t<div class=\"elementor-widget-container\">\n\t\t\t\t\t<h2 class=\"elementor-heading-title elementor-size-default\">trayectoria MUSICAL <\/h2>\t\t\t\t<\/div>\n\t\t\t\t<\/div>\n\t\t\t\t<div class=\"elementor-element elementor-element-ff95696 elementor-widget elementor-widget-image\" data-id=\"ff95696\" data-element_type=\"widget\" data-widget_type=\"image.default\">\n\t\t\t\t<div class=\"elementor-widget-container\">\n\t\t\t\t\t\t\t\t\t\t\t\t\t\t\t<img fetchpriority=\"high\" decoding=\"async\" width=\"1170\" height=\"1168\" src=\"https:\/\/www.alerodriguezdrums.com\/wp-content\/uploads\/2025\/04\/IMG_0040-1.jpg\" class=\"attachment-1536x1536 size-1536x1536 wp-image-6252\" alt=\"\" srcset=\"https:\/\/www.alerodriguezdrums.com\/wp-content\/uploads\/2025\/04\/IMG_0040-1.jpg 1170w, https:\/\/www.alerodriguezdrums.com\/wp-content\/uploads\/2025\/04\/IMG_0040-1-300x300.jpg 300w, https:\/\/www.alerodriguezdrums.com\/wp-content\/uploads\/2025\/04\/IMG_0040-1-1024x1022.jpg 1024w, https:\/\/www.alerodriguezdrums.com\/wp-content\/uploads\/2025\/04\/IMG_0040-1-150x150.jpg 150w, https:\/\/www.alerodriguezdrums.com\/wp-content\/uploads\/2025\/04\/IMG_0040-1-768x767.jpg 768w, https:\/\/www.alerodriguezdrums.com\/wp-content\/uploads\/2025\/04\/IMG_0040-1-1000x998.jpg 1000w, https:\/\/www.alerodriguezdrums.com\/wp-content\/uploads\/2025\/04\/IMG_0040-1-280x280.jpg 280w, https:\/\/www.alerodriguezdrums.com\/wp-content\/uploads\/2025\/04\/IMG_0040-1-561x560.jpg 561w, https:\/\/www.alerodriguezdrums.com\/wp-content\/uploads\/2025\/04\/IMG_0040-1-600x599.jpg 600w, https:\/\/www.alerodriguezdrums.com\/wp-content\/uploads\/2025\/04\/IMG_0040-1-800x800.jpg 800w\" sizes=\"(max-width: 1170px) 100vw, 1170px\" \/>\t\t\t\t\t\t\t\t\t\t\t\t\t\t\t<\/div>\n\t\t\t\t<\/div>\n\t\t\t\t<section class=\"elementor-section elementor-inner-section elementor-element elementor-element-41ac4f54 elementor-section-full_width elementor-section-height-default elementor-section-height-default\" data-id=\"41ac4f54\" data-element_type=\"section\">\n\t\t\t\t\t\t<div class=\"elementor-container elementor-column-gap-no\">\n\t\t\t\t\t<div class=\"elementor-column elementor-col-100 elementor-inner-column elementor-element elementor-element-3abf0d12\" data-id=\"3abf0d12\" data-element_type=\"column\">\n\t\t\t<div class=\"elementor-widget-wrap elementor-element-populated\">\n\t\t\t\t\t\t<div class=\"elementor-element elementor-element-6262b46 elementor-widget elementor-widget-text-editor\" data-id=\"6262b46\" data-element_type=\"widget\" data-widget_type=\"text-editor.default\">\n\t\t\t\t<div class=\"elementor-widget-container\">\n\t\t\t\t\t\t\t\t\t<p data-start=\"121\" data-end=\"585\">Nacido en Ubrique (C\u00e1diz) el 6 de febrero de 1984, <strong data-start=\"51\" data-end=\"68\">Ale Rodr\u00edguez<\/strong> descubri\u00f3 su pasi\u00f3n por la bater\u00eda desde temprana edad de manera autodidacta e influenciado por la figura de su padre, quien tambi\u00e9n era baterista.<\/p>\n<p data-start=\"121\" data-end=\"585\">A los 14 a\u00f1os comienza a recibir clases con el bater\u00eda Diego Ruiz y, posteriormente, contin\u00faa su formaci\u00f3n con Juan de la Oliva. M\u00e1s adelante, ingresa en la Escuela de Jazz de la Universidad de C\u00e1diz, donde combina sus estudios de docencia con sus primeras giras nacionales como baterista profesional.<\/p>\n<p data-start=\"587\" data-end=\"958\">Participa en seminarios y masterclasses con bateristas internacionales. Con el tiempo, comienza a experimentar en el \u00e1mbito de la producci\u00f3n musical. Con el proyecto \u00abLa Trueke\u00bb, viaja a Centroam\u00e9rica durante 6 meses para estudiar la m\u00fasica latina, lo que culmina en el disco \u00abDe la Ra\u00edz a la Identidad\u00bb, que logra una gran repercusi\u00f3n en festivales nacionales en 2018.<\/p>\n<p data-start=\"960\" data-end=\"1145\">Desde 2015, compagina su carrera de m\u00fasico con la docencia en la Escuela Oficial de M\u00fasica \u00abJos\u00e9 Toro Doblas\u00bb en Prado del Rey (C\u00e1diz), donde ha formado a m\u00e1s de un centenar de alumnos.<\/p>\n<p data-start=\"1442\" data-end=\"1467\"><strong data-start=\"1442\" data-end=\"1467\">Trayectoria reciente:<\/strong><\/p>\n<p data-start=\"1469\" data-end=\"1721\">Actualmente, <strong data-start=\"42\" data-end=\"59\">Ale Rodr\u00edguez<\/strong> se encuentra de gira junto a <strong data-start=\"89\" data-end=\"108\">Anto\u00f1ito Molina<\/strong>, adem\u00e1s de colaborar en la grabaci\u00f3n de varias canciones para su pr\u00f3ximo disco.&nbsp;<\/p>\n<p data-start=\"1469\" data-end=\"1721\">Paralelamente, trabaja en su propio proyecto musical con el grupo <strong data-start=\"255\" data-end=\"264\">Ktute<\/strong>, una propuesta que fusiona estilos como el <strong data-start=\"308\" data-end=\"339\">funk, jazz o afro beat.<\/strong><\/p>\n<p data-start=\"1469\" data-end=\"1721\">Adem\u00e1s, participa activamente en producciones con distintos artistas de diferentes estilos.<\/p>\n<p data-start=\"1869\" data-end=\"1908\"><strong data-start=\"1869\" data-end=\"1908\">Educaci\u00f3n continua y jazz flamenco:<\/strong><\/p>\n<p data-start=\"1910\" data-end=\"2084\">Cursa la carrera de <strong data-start=\"20\" data-end=\"40\">Docencia Musical<\/strong>, influenciado por el <strong data-start=\"62\" data-end=\"83\">ambiente flamenco<\/strong> que marc\u00f3 su desarrollo art\u00edstico. Desde 2017 colabora con <strong data-start=\"143\" data-end=\"158\">Jorge Pardo<\/strong> y forma parte de una destacada generaci\u00f3n de m\u00fasicos como <strong data-start=\"217\" data-end=\"235\">Antonio Lizana<\/strong>, <strong data-start=\"237\" data-end=\"254\">Ismael Alcina<\/strong> y otros artistas con los que comparte una visi\u00f3n abierta, innovadora y profundamente conectada con las ra\u00edces del jazz y el flamenco.<\/p>\n<p data-start=\"2086\" data-end=\"2129\"><strong data-start=\"2086\" data-end=\"2129\">Colaboraciones con artistas nacionales:<\/strong><\/p>\n<p data-start=\"2131\" data-end=\"2327\"><b>India Mart\u00ednez, Raimundo Amador,&nbsp;<span data-start=\"507\" data-end=\"586\">O\u2019Funkillo,&nbsp;<\/span>Maita Vende Ca,&nbsp;<span data-start=\"507\" data-end=\"586\">Mario D\u00edaz,&nbsp;<\/span>David Palomar,&nbsp;<span data-start=\"507\" data-end=\"586\">Riki Rivera,&nbsp;<\/span>Radio Macand\u00e9,&nbsp;<span data-start=\"589\" data-end=\"602\">Mixtolobo,<\/span>&nbsp;<\/b>artistas de <em data-start=\"2249\" data-end=\"2253\">OT<\/em> y <em data-start=\"2256\" data-end=\"2264\"><b>La Voz<\/b><\/em> como <b>David Barrull, Hugo Salazar y Miguel N\u00e1ndez<\/b>, entre otros.<\/p>\n<p data-start=\"2329\" data-end=\"2474\">\n<\/p>\t\t\t\t\t\t\t\t<\/div>\n\t\t\t\t<\/div>\n\t\t\t\t<div class=\"elementor-element elementor-element-3bfab263 elementor-align-center elementor-widget elementor-widget-button\" data-id=\"3bfab263\" data-element_type=\"widget\" data-widget_type=\"button.default\">\n\t\t\t\t<div class=\"elementor-widget-container\">\n\t\t\t\t\t\t\t\t\t<div class=\"elementor-button-wrapper\">\n\t\t\t\t\t<a class=\"elementor-button elementor-button-link elementor-size-md\" href=\"https:\/\/www.alerodriguezdrums.com\/index.php\/contact\/\">\n\t\t\t\t\t\t<span class=\"elementor-button-content-wrapper\">\n\t\t\t\t\t\t\t\t\t<span class=\"elementor-button-text\">Contacto<\/span>\n\t\t\t\t\t<\/span>\n\t\t\t\t\t<\/a>\n\t\t\t\t<\/div>\n\t\t\t\t\t\t\t\t<\/div>\n\t\t\t\t<\/div>\n\t\t\t\t\t<\/div>\n\t\t<\/div>\n\t\t\t\t\t<\/div>\n\t\t<\/section>\n\t\t\t\t\t<\/div>\n\t\t<\/div>\n\t\t\t\t\t<\/div>\n\t\t<\/section>\n\t\t<div class=\"elementor-element elementor-element-a3f31dc e-flex e-con-boxed e-con e-parent\" data-id=\"a3f31dc\" data-element_type=\"container\">\n\t\t\t\t\t<div class=\"e-con-inner\">\n\t\t\t\t<div class=\"elementor-element elementor-element-9995fe7 elementor-widget elementor-widget-wpzoom-elementor-addons-slider\" data-id=\"9995fe7\" data-element_type=\"widget\" data-settings=\"{&quot;animation_speed&quot;:300,&quot;autoplay&quot;:&quot;yes&quot;,&quot;autoplay_speed&quot;:3000,&quot;loop&quot;:&quot;yes&quot;,&quot;slides_to_show&quot;:1,&quot;slides_to_show_tablet&quot;:1,&quot;slides_to_show_mobile&quot;:1,&quot;navigation&quot;:&quot;arrow&quot;}\" data-widget_type=\"wpzoom-elementor-addons-slider.default\">\n\t\t\t\t<div class=\"elementor-widget-container\">\n\t\t\t\t\t<div class=\"wpzjs-slick wpz-slick wpz-slick--slider\">\n\n\t\t\t\n\t\t\t\t<div class=\"wpz-slick-slide\">\n\n\t\t\t\t\t<div class=\"wpz-slick-item\">\n\n\t\t\t\t\t\t\t\t\t\t\t\t\t<img decoding=\"async\" class=\"wpz-slick-img\" src=\"https:\/\/www.alerodriguezdrums.com\/wp-content\/uploads\/2025\/10\/FALLA-SEGUNDO-DIA-BANDA-2-3000x2122.jpg\" alt=\"\">\n\t\t\t\t\t\t\n\t\t\t\t\t\t\n\t\t\t\t\t\t\n\t\t\t\t\t<\/div>\n\n\t\t\t\t<\/div>\n\n\t\t\t\n\t\t\t\t<div class=\"wpz-slick-slide\">\n\n\t\t\t\t\t<div class=\"wpz-slick-item\">\n\n\t\t\t\t\t\t\t\t\t\t\t\t\t<img decoding=\"async\" class=\"wpz-slick-img\" src=\"https:\/\/www.alerodriguezdrums.com\/wp-content\/uploads\/2025\/10\/SQ_FOOTAGE_PROMO_HORIZONTAL.00_02_53_28.Imagen-fija001.jpg\" alt=\"\">\n\t\t\t\t\t\t\n\t\t\t\t\t\t\n\t\t\t\t\t\t\n\t\t\t\t\t<\/div>\n\n\t\t\t\t<\/div>\n\n\t\t\t\n\t\t\t\t<div class=\"wpz-slick-slide\">\n\n\t\t\t\t\t<div class=\"wpz-slick-item\">\n\n\t\t\t\t\t\t\t\t\t\t\t\t\t<img decoding=\"async\" class=\"wpz-slick-img\" src=\"https:\/\/www.alerodriguezdrums.com\/wp-content\/uploads\/2025\/10\/SQ_FOOTAGE_PROMO_HORIZONTAL.00_02_59_19.Imagen-fija002.jpg\" alt=\"\">\n\t\t\t\t\t\t\n\t\t\t\t\t\t\n\t\t\t\t\t\t\n\t\t\t\t\t<\/div>\n\n\t\t\t\t<\/div>\n\n\t\t\t\n\t\t\t\t<div class=\"wpz-slick-slide\">\n\n\t\t\t\t\t<div class=\"wpz-slick-item\">\n\n\t\t\t\t\t\t\t\t\t\t\t\t\t<img decoding=\"async\" class=\"wpz-slick-img\" src=\"https:\/\/www.alerodriguezdrums.com\/wp-content\/uploads\/2025\/10\/SQ_FOOTAGE_PROMO_HORIZONTAL.00_03_04_19.Imagen-fija003.jpg\" alt=\"\">\n\t\t\t\t\t\t\n\t\t\t\t\t\t\n\t\t\t\t\t\t\n\t\t\t\t\t<\/div>\n\n\t\t\t\t<\/div>\n\n\t\t\t\n\t\t<\/div>\n\n\t\t\t\t\t<button type=\"button\" class=\"slick-prev\"><svg aria-hidden=\"true\" class=\"e-font-icon-svg e-fas-chevron-left\" viewBox=\"0 0 320 512\" xmlns=\"http:\/\/www.w3.org\/2000\/svg\"><path d=\"M34.52 239.03L228.87 44.69c9.37-9.37 24.57-9.37 33.94 0l22.67 22.67c9.36 9.36 9.37 24.52.04 33.9L131.49 256l154.02 154.75c9.34 9.38 9.32 24.54-.04 33.9l-22.67 22.67c-9.37 9.37-24.57 9.37-33.94 0L34.52 272.97c-9.37-9.37-9.37-24.57 0-33.94z\"><\/path><\/svg><\/button>\n\t\t\n\t\t\t\t\t<button type=\"button\" class=\"slick-next\"><svg aria-hidden=\"true\" class=\"e-font-icon-svg e-fas-chevron-right\" viewBox=\"0 0 320 512\" xmlns=\"http:\/\/www.w3.org\/2000\/svg\"><path d=\"M285.476 272.971L91.132 467.314c-9.373 9.373-24.569 9.373-33.941 0l-22.667-22.667c-9.357-9.357-9.375-24.522-.04-33.901L188.505 256 34.484 101.255c-9.335-9.379-9.317-24.544.04-33.901l22.667-22.667c9.373-9.373 24.569-9.373 33.941 0L285.475 239.03c9.373 9.372 9.373 24.568.001 33.941z\"><\/path><\/svg><\/button>\n\t\t\n\t\t\t\t\t\t<\/div>\n\t\t\t\t<\/div>\n\t\t\t\t\t<\/div>\n\t\t\t\t<\/div>\n\t\t\t\t<\/div>\n\t\t","protected":false},"excerpt":{"rendered":"<p>trayectoria MUSICAL Nacido en Ubrique (C\u00e1diz) el 6 de febrero de 1984, Ale Rodr\u00edguez descubri\u00f3 su pasi\u00f3n por la bater\u00eda desde temprana edad de manera autodidacta e influenciado por la figura de su padre, quien tambi\u00e9n era baterista. A los 14 a\u00f1os comienza a recibir clases con el bater\u00eda Diego Ruiz y, posteriormente, contin\u00faa su formaci\u00f3n con Juan de la Oliva. M\u00e1s adelante, ingresa en la Escuela de Jazz de la Universidad de C\u00e1diz, donde [&hellip;]<\/p>\n","protected":false},"author":1,"featured_media":0,"parent":0,"menu_order":0,"comment_status":"closed","ping_status":"closed","template":"page-templates\/full-width-no-title.php","meta":{"inspiro_page_layout":"narrow","inspiro_hide_title":false,"footnotes":""},"class_list":["post-4491","page","type-page","status-publish","hentry"],"_links":{"self":[{"href":"https:\/\/www.alerodriguezdrums.com\/index.php\/wp-json\/wp\/v2\/pages\/4491","targetHints":{"allow":["GET"]}}],"collection":[{"href":"https:\/\/www.alerodriguezdrums.com\/index.php\/wp-json\/wp\/v2\/pages"}],"about":[{"href":"https:\/\/www.alerodriguezdrums.com\/index.php\/wp-json\/wp\/v2\/types\/page"}],"author":[{"embeddable":true,"href":"https:\/\/www.alerodriguezdrums.com\/index.php\/wp-json\/wp\/v2\/users\/1"}],"replies":[{"embeddable":true,"href":"https:\/\/www.alerodriguezdrums.com\/index.php\/wp-json\/wp\/v2\/comments?post=4491"}],"version-history":[{"count":61,"href":"https:\/\/www.alerodriguezdrums.com\/index.php\/wp-json\/wp\/v2\/pages\/4491\/revisions"}],"predecessor-version":[{"id":6516,"href":"https:\/\/www.alerodriguezdrums.com\/index.php\/wp-json\/wp\/v2\/pages\/4491\/revisions\/6516"}],"wp:attachment":[{"href":"https:\/\/www.alerodriguezdrums.com\/index.php\/wp-json\/wp\/v2\/media?parent=4491"}],"curies":[{"name":"wp","href":"https:\/\/api.w.org\/{rel}","templated":true}]}}